{"id":2,"date":"2024-02-02T12:14:58","date_gmt":"2024-02-02T12:14:58","guid":{"rendered":"https:\/\/studio1.skydoo.com.pl\/?page_id=2"},"modified":"2024-11-08T10:26:58","modified_gmt":"2024-11-08T10:26:58","slug":"sample-page","status":"publish","type":"page","link":"https:\/\/rdm-motors.skydoo.com.pl\/","title":{"rendered":"Strona g\u0142\u00f3wna"},"content":{"rendered":"\t\t<div data-elementor-type=\"wp-page\" data-elementor-id=\"2\" class=\"elementor elementor-2\">\n\t\t\t\t<div class=\"elementor-element elementor-element-7c72c0a e-flex e-con-boxed e-con e-parent\" data-id=\"7c72c0a\" data-element_type=\"container\">\n\t\t\t\t\t<div class=\"e-con-inner\">\n\t\t\t\t<div class=\"elementor-element elementor-element-6ae312a elementor-widget elementor-widget-heading\" data-id=\"6ae312a\" data-element_type=\"widget\" data-widget_type=\"heading.default\">\n\t\t\t\t<div class=\"elementor-widget-container\">\n\t\t\t\t\t<h2 class=\"elementor-heading-title elementor-size-default\">Strona w budowie. Ju\u017c nied\u0142ugo do Was wracamy!<\/h2>\t\t\t\t<\/div>\n\t\t\t\t<\/div>\n\t\t\t\t\t<\/div>\n\t\t\t\t<\/div>\n\t\t<div class=\"elementor-element elementor-element-b6cd8d5 e-flex e-con-boxed e-con e-parent\" data-id=\"b6cd8d5\" data-element_type=\"container\">\n\t\t\t\t\t<div class=\"e-con-inner\">\n\t\t<div class=\"elementor-element elementor-element-2704aaf e-con-full e-flex e-con e-child\" data-id=\"2704aaf\" data-element_type=\"container\">\n\t\t\t\t<div class=\"elementor-element elementor-element-de2ffd7 elementor-widget elementor-widget-text-editor\" data-id=\"de2ffd7\" data-element_type=\"widget\" data-widget_type=\"text-editor.default\">\n\t\t\t\t<div class=\"elementor-widget-container\">\n\t\t\t\t\t\t\t\t\t<p>Pozosta\u0144my w kontakcie!<\/p><p>Ogrodowa 17, <br \/>05-816 Regu\u0142y<\/p><p>Tel. <a href=\"https:\/\/www.google.com\/search?client=safari&amp;rls=en&amp;q=rdm+motors&amp;ie=UTF-8&amp;oe=UTF-8#\" data-dtype=\"d3ph\" data-local-attribute=\"d3ph\" data-ved=\"2ahUKEwjF_afepMqJAxXOHXcKHQ4IExcQkAgoAHoECE8QAw\"><span aria-label=\"Zadzwo\u0144 pod numer 533 060 060\">533 060 060<\/span><\/a><\/p><p>E-mail: <a class=\"ms-outlook-linkify\" href=\"mailto:rdm-motors@wp.pl\">rdm-motors@wp.pl<\/a><\/p>\t\t\t\t\t\t\t\t<\/div>\n\t\t\t\t<\/div>\n\t\t\t\t<\/div>\n\t\t<div class=\"elementor-element elementor-element-33f6eaf e-con-full e-flex e-con e-child\" data-id=\"33f6eaf\" data-element_type=\"container\">\n\t\t\t\t<div class=\"elementor-element elementor-element-8503857 elementor-widget elementor-widget-google_maps\" data-id=\"8503857\" data-element_type=\"widget\" data-widget_type=\"google_maps.default\">\n\t\t\t\t<div class=\"elementor-widget-container\">\n\t\t\t\t\t\t\t<div class=\"elementor-custom-embed\">\n\t\t\t<iframe loading=\"lazy\"\n\t\t\t\t\tsrc=\"https:\/\/maps.google.com\/maps?q=Skup%20Aut%20Warszawa%20%24%20Auto-Skup123%20%24%20Skup%20Samochod%C3%B3w%20za%20Got%C3%B3wk%C4%99&#038;t=m&#038;z=13&#038;output=embed&#038;iwloc=near\"\n\t\t\t\t\ttitle=\"Skup Aut Warszawa $ Auto-Skup123 $ Skup Samochod\u00f3w za Got\u00f3wk\u0119\"\n\t\t\t\t\taria-label=\"Skup Aut Warszawa $ Auto-Skup123 $ Skup Samochod\u00f3w za Got\u00f3wk\u0119\"\n\t\t\t><\/iframe>\n\t\t<\/div>\n\t\t\t\t\t\t<\/div>\n\t\t\t\t<\/div>\n\t\t\t\t<\/div>\n\t\t\t\t\t<\/div>\n\t\t\t\t<\/div>\n\t\t\t\t<\/div>\n\t\t","protected":false},"excerpt":{"rendered":"<p>Strona w budowie. Ju\u017c nied\u0142ugo do Was wracamy! Pozosta\u0144my w kontakcie! Ogrodowa 17, 05-816 Regu\u0142y Tel. 533 060 060 E-mail: rdm-motors@wp.pl<\/p>\n","protected":false},"author":1,"featured_media":0,"parent":0,"menu_order":0,"comment_status":"closed","ping_status":"open","template":"","meta":{"footnotes":""},"class_list":["post-2","page","type-page","status-publish","hentry"],"_links":{"self":[{"href":"https:\/\/rdm-motors.skydoo.com.pl\/index.php\/wp-json\/wp\/v2\/pages\/2","targetHints":{"allow":["GET"]}}],"collection":[{"href":"https:\/\/rdm-motors.skydoo.com.pl\/index.php\/wp-json\/wp\/v2\/pages"}],"about":[{"href":"https:\/\/rdm-motors.skydoo.com.pl\/index.php\/wp-json\/wp\/v2\/types\/page"}],"author":[{"embeddable":true,"href":"https:\/\/rdm-motors.skydoo.com.pl\/index.php\/wp-json\/wp\/v2\/users\/1"}],"replies":[{"embeddable":true,"href":"https:\/\/rdm-motors.skydoo.com.pl\/index.php\/wp-json\/wp\/v2\/comments?post=2"}],"version-history":[{"count":10,"href":"https:\/\/rdm-motors.skydoo.com.pl\/index.php\/wp-json\/wp\/v2\/pages\/2\/revisions"}],"predecessor-version":[{"id":41,"href":"https:\/\/rdm-motors.skydoo.com.pl\/index.php\/wp-json\/wp\/v2\/pages\/2\/revisions\/41"}],"wp:attachment":[{"href":"https:\/\/rdm-motors.skydoo.com.pl\/index.php\/wp-json\/wp\/v2\/media?parent=2"}],"curies":[{"name":"wp","href":"https:\/\/api.w.org\/{rel}","templated":true}]}}